{"id":16,"date":"2021-02-14T13:36:18","date_gmt":"2021-02-14T12:36:18","guid":{"rendered":"https:\/\/pf.maxi-trampoline.com\/?page_id=16"},"modified":"2021-10-14T07:56:54","modified_gmt":"2021-10-14T05:56:54","slug":"todesanzeigen","status":"publish","type":"page","link":"https:\/\/pompes-funebres-valais.ch\/de\/avis-mortuaires\/","title":{"rendered":"Bestattungsanzeigen"},"content":{"rendered":"<p>[et_pb_section fb_built=\u00a0\u00bb1&Prime; _builder_version=\u00a0\u00bb4.9.0&Prime; _module_preset=\u00a0\u00bbdefault\u00a0\u00bb global_colors_info=\u00a0\u00bb{}\u00a0\u00bb][et_pb_row _builder_version=\u00a0\u00bb4.9.0&Prime; _module_preset=\u00a0\u00bbdefault\u00a0\u00bb max_width=\u00a0\u00bb2560px\u00a0\u00bb global_colors_info=\u00a0\u00bb{}\u00a0\u00bb][et_pb_column type=\u00a0\u00bb4_4&Prime; _builder_version=\u00a0\u00bb4.9.0&Prime; _module_preset=\u00a0\u00bbdefault\u00a0\u00bb global_colors_info=\u00a0\u00bb{}\u00a0\u00bb][et_pb_text _builder_version=\u00a0\u00bb4.9.0&Prime; _module_preset=\u00a0\u00bbdefault\u00a0\u00bb text_orientation=\u00a0\u00bbcenter\u00a0\u00bb global_colors_info=\u00a0\u00bb{}\u00a0\u00bb]<\/p>\n<h1>Avis de d\u00e9c\u00e8s<\/h1>\n<p><em>(cliquez sur l&rsquo;avis pour voir le d\u00e9tail)<\/em><\/p>\n<p>[\/et_pb_text][et_pb_blog fullwidth=\u00a0\u00bboff\u00a0\u00bb posts_number=\u00a0\u00bb24&Prime; include_categories=\u00a0\u00bb6&Prime; show_thumbnail=\u00a0\u00bboff\u00a0\u00bb show_author=\u00a0\u00bboff\u00a0\u00bb show_date=\u00a0\u00bboff\u00a0\u00bb show_categories=\u00a0\u00bboff\u00a0\u00bb masonry_tile_background_color=\u00a0\u00bb#EEEBE6&Prime; _builder_version=\u00a0\u00bb4.9.0&Prime; _module_preset=\u00a0\u00bbdefault\u00a0\u00bb text_orientation=\u00a0\u00bbcenter\u00a0\u00bb global_colors_info=\u00a0\u00bb{}\u00a0\u00bb][\/et_pb_blog][\/et_pb_column][\/et_pb_row][\/et_pb_section]<\/p>\n","protected":false},"excerpt":{"rendered":"<p>Todesanzeigen (klicken Sie auf die Mitteilung, um die Details anzuzeigen)<\/p>","protected":false},"author":1,"featured_media":0,"parent":0,"menu_order":41,"comment_status":"closed","ping_status":"closed","template":"","meta":{"_et_pb_use_builder":"on","_et_pb_old_content":"<!-- wp:divi\/placeholder \/-->","_et_gb_content_width":"","footnotes":""},"class_list":["post-16","page","type-page","status-publish","hentry"],"yoast_head":"<!-- This site is optimized with the Yoast SEO plugin v27.4 - https:\/\/yoast.com\/product\/yoast-seo-wordpress\/ -->\n<title>Pompes Fun\u00e8bres Valais - Suisse - A vos c\u00f4t\u00e9s dans vos plus durs moments<\/title>\n<meta name=\"description\" content=\"Entreprise jeune et dynamique, unie et sympathique, exp\u00e9riment\u00e9e et tourn\u00e9e vers un seul but commun: celui de bien vous entourer et de vous servir au mieux pour le plus bel hommage de vos chers d\u00e9funts et pour votre bien-\u00eatre personnel.\" \/>\n<meta name=\"robots\" content=\"index, follow, max-snippet:-1, max-image-preview:large, max-video-preview:-1\" \/>\n<link rel=\"canonical\" href=\"https:\/\/pompes-funebres-valais.ch\/de\/todesanzeigen\/\" \/>\n<meta property=\"og:locale\" content=\"de_DE\" \/>\n<meta property=\"og:type\" content=\"article\" \/>\n<meta property=\"og:title\" content=\"Pompes Fun\u00e8bres Valais - Suisse - A vos c\u00f4t\u00e9s dans vos plus durs moments\" \/>\n<meta property=\"og:description\" content=\"Entreprise jeune et dynamique, unie et sympathique, exp\u00e9riment\u00e9e et tourn\u00e9e vers un seul but commun: celui de bien vous entourer et de vous servir au mieux pour le plus bel hommage de vos chers d\u00e9funts et pour votre bien-\u00eatre personnel.\" \/>\n<meta property=\"og:url\" content=\"https:\/\/pompes-funebres-valais.ch\/de\/todesanzeigen\/\" \/>\n<meta property=\"og:site_name\" content=\"Pompes fun\u00e8bres Valais, A vos c\u00f4t\u00e9s dans vos plus durs moments\" \/>\n<meta property=\"article:modified_time\" content=\"2021-10-14T05:56:54+00:00\" \/>\n<meta name=\"twitter:card\" content=\"summary_large_image\" \/>\n<meta name=\"twitter:label1\" content=\"Gesch\u00e4tzte Lesezeit\" \/>\n\t<meta name=\"twitter:data1\" content=\"1\u00a0Minute\" \/>\n<script type=\"application\/ld+json\" class=\"yoast-schema-graph\">{\"@context\":\"https:\\\/\\\/schema.org\",\"@graph\":[{\"@type\":\"WebPage\",\"@id\":\"https:\\\/\\\/pompes-funebres-valais.ch\\\/avis-mortuaires\\\/\",\"url\":\"https:\\\/\\\/pompes-funebres-valais.ch\\\/avis-mortuaires\\\/\",\"name\":\"Pompes Fun\u00e8bres Valais - Suisse - A vos c\u00f4t\u00e9s dans vos plus durs moments\",\"isPartOf\":{\"@id\":\"https:\\\/\\\/pompes-funebres-valais.ch\\\/#website\"},\"datePublished\":\"2021-02-14T12:36:18+00:00\",\"dateModified\":\"2021-10-14T05:56:54+00:00\",\"description\":\"Entreprise jeune et dynamique, unie et sympathique, exp\u00e9riment\u00e9e et tourn\u00e9e vers un seul but commun: celui de bien vous entourer et de vous servir au mieux pour le plus bel hommage de vos chers d\u00e9funts et pour votre bien-\u00eatre personnel.\",\"breadcrumb\":{\"@id\":\"https:\\\/\\\/pompes-funebres-valais.ch\\\/avis-mortuaires\\\/#breadcrumb\"},\"inLanguage\":\"de\",\"potentialAction\":[{\"@type\":\"ReadAction\",\"target\":[\"https:\\\/\\\/pompes-funebres-valais.ch\\\/avis-mortuaires\\\/\"]}]},{\"@type\":\"BreadcrumbList\",\"@id\":\"https:\\\/\\\/pompes-funebres-valais.ch\\\/avis-mortuaires\\\/#breadcrumb\",\"itemListElement\":[{\"@type\":\"ListItem\",\"position\":1,\"name\":\"Accueil\",\"item\":\"https:\\\/\\\/pompes-funebres-valais.ch\\\/\"},{\"@type\":\"ListItem\",\"position\":2,\"name\":\"Avis mortuaires\"}]},{\"@type\":\"WebSite\",\"@id\":\"https:\\\/\\\/pompes-funebres-valais.ch\\\/#website\",\"url\":\"https:\\\/\\\/pompes-funebres-valais.ch\\\/\",\"name\":\"Pompes fun\u00e8bres Valais, A vos c\u00f4t\u00e9s dans vos plus durs moments\",\"description\":\"A vos c\u00f4t\u00e9s dans vos plus durs moments\",\"publisher\":{\"@id\":\"https:\\\/\\\/pompes-funebres-valais.ch\\\/#organization\"},\"potentialAction\":[{\"@type\":\"SearchAction\",\"target\":{\"@type\":\"EntryPoint\",\"urlTemplate\":\"https:\\\/\\\/pompes-funebres-valais.ch\\\/?s={search_term_string}\"},\"query-input\":{\"@type\":\"PropertyValueSpecification\",\"valueRequired\":true,\"valueName\":\"search_term_string\"}}],\"inLanguage\":\"de\"},{\"@type\":\"Organization\",\"@id\":\"https:\\\/\\\/pompes-funebres-valais.ch\\\/#organization\",\"name\":\"Pompes Fun\u00e8bres Valais Suisse\",\"url\":\"https:\\\/\\\/pompes-funebres-valais.ch\\\/\",\"logo\":{\"@type\":\"ImageObject\",\"inLanguage\":\"de\",\"@id\":\"https:\\\/\\\/pompes-funebres-valais.ch\\\/#\\\/schema\\\/logo\\\/image\\\/\",\"url\":\"https:\\\/\\\/pompes-funebres-valais.ch\\\/wp-content\\\/uploads\\\/2021\\\/02\\\/Rond-soleil-1.png\",\"contentUrl\":\"https:\\\/\\\/pompes-funebres-valais.ch\\\/wp-content\\\/uploads\\\/2021\\\/02\\\/Rond-soleil-1.png\",\"width\":509,\"height\":469,\"caption\":\"Pompes Fun\u00e8bres Valais Suisse\"},\"image\":{\"@id\":\"https:\\\/\\\/pompes-funebres-valais.ch\\\/#\\\/schema\\\/logo\\\/image\\\/\"}}]}<\/script>\n<!-- \/ Yoast SEO plugin. -->","yoast_head_json":{"title":"Bestattungsunternehmen Wallis - Schweiz - In schweren Zeiten an Ihrer Seite","description":"Ein junges und dynamisches Unternehmen, vereint und freundlich, erfahren und auf ein einziges gemeinsames Ziel konzentriert: Sie gut zu umgeben und Ihnen so gut wie m\u00f6glich zu dienen, f\u00fcr die sch\u00f6nste Hommage an Ihren lieben Verstorbenen und f\u00fcr Ihr pers\u00f6nliches Wohlbefinden.","robots":{"index":"index","follow":"follow","max-snippet":"max-snippet:-1","max-image-preview":"max-image-preview:large","max-video-preview":"max-video-preview:-1"},"canonical":"https:\/\/pompes-funebres-valais.ch\/de\/todesanzeigen\/","og_locale":"de_DE","og_type":"article","og_title":"Pompes Fun\u00e8bres Valais - Suisse - A vos c\u00f4t\u00e9s dans vos plus durs moments","og_description":"Entreprise jeune et dynamique, unie et sympathique, exp\u00e9riment\u00e9e et tourn\u00e9e vers un seul but commun: celui de bien vous entourer et de vous servir au mieux pour le plus bel hommage de vos chers d\u00e9funts et pour votre bien-\u00eatre personnel.","og_url":"https:\/\/pompes-funebres-valais.ch\/de\/todesanzeigen\/","og_site_name":"Pompes fun\u00e8bres Valais, A vos c\u00f4t\u00e9s dans vos plus durs moments","article_modified_time":"2021-10-14T05:56:54+00:00","twitter_card":"summary_large_image","twitter_misc":{"Gesch\u00e4tzte Lesezeit":"1\u00a0Minute"},"schema":{"@context":"https:\/\/schema.org","@graph":[{"@type":"WebPage","@id":"https:\/\/pompes-funebres-valais.ch\/avis-mortuaires\/","url":"https:\/\/pompes-funebres-valais.ch\/avis-mortuaires\/","name":"Bestattungsunternehmen Wallis - Schweiz - In schweren Zeiten an Ihrer Seite","isPartOf":{"@id":"https:\/\/pompes-funebres-valais.ch\/#website"},"datePublished":"2021-02-14T12:36:18+00:00","dateModified":"2021-10-14T05:56:54+00:00","description":"Ein junges und dynamisches Unternehmen, vereint und freundlich, erfahren und auf ein einziges gemeinsames Ziel konzentriert: Sie gut zu umgeben und Ihnen so gut wie m\u00f6glich zu dienen, f\u00fcr die sch\u00f6nste Hommage an Ihren lieben Verstorbenen und f\u00fcr Ihr pers\u00f6nliches Wohlbefinden.","breadcrumb":{"@id":"https:\/\/pompes-funebres-valais.ch\/avis-mortuaires\/#breadcrumb"},"inLanguage":"de","potentialAction":[{"@type":"ReadAction","target":["https:\/\/pompes-funebres-valais.ch\/avis-mortuaires\/"]}]},{"@type":"BreadcrumbList","@id":"https:\/\/pompes-funebres-valais.ch\/avis-mortuaires\/#breadcrumb","itemListElement":[{"@type":"ListItem","position":1,"name":"Accueil","item":"https:\/\/pompes-funebres-valais.ch\/"},{"@type":"ListItem","position":2,"name":"Avis mortuaires"}]},{"@type":"WebSite","@id":"https:\/\/pompes-funebres-valais.ch\/#website","url":"https:\/\/pompes-funebres-valais.ch\/","name":"Walliser Bestatter, An Ihrer Seite in schweren Zeiten","description":"An deiner Seite in deinen schwersten Zeiten","publisher":{"@id":"https:\/\/pompes-funebres-valais.ch\/#organization"},"potentialAction":[{"@type":"SearchAction","target":{"@type":"EntryPoint","urlTemplate":"https:\/\/pompes-funebres-valais.ch\/?s={search_term_string}"},"query-input":{"@type":"PropertyValueSpecification","valueRequired":true,"valueName":"search_term_string"}}],"inLanguage":"de"},{"@type":"Organization","@id":"https:\/\/pompes-funebres-valais.ch\/#organization","name":"Bestattungsunternehmen Wallis Schweiz","url":"https:\/\/pompes-funebres-valais.ch\/","logo":{"@type":"ImageObject","inLanguage":"de","@id":"https:\/\/pompes-funebres-valais.ch\/#\/schema\/logo\/image\/","url":"https:\/\/pompes-funebres-valais.ch\/wp-content\/uploads\/2021\/02\/Rond-soleil-1.png","contentUrl":"https:\/\/pompes-funebres-valais.ch\/wp-content\/uploads\/2021\/02\/Rond-soleil-1.png","width":509,"height":469,"caption":"Pompes Fun\u00e8bres Valais Suisse"},"image":{"@id":"https:\/\/pompes-funebres-valais.ch\/#\/schema\/logo\/image\/"}}]}},"_links":{"self":[{"href":"https:\/\/pompes-funebres-valais.ch\/de\/wp-json\/wp\/v2\/pages\/16","targetHints":{"allow":["GET"]}}],"collection":[{"href":"https:\/\/pompes-funebres-valais.ch\/de\/wp-json\/wp\/v2\/pages"}],"about":[{"href":"https:\/\/pompes-funebres-valais.ch\/de\/wp-json\/wp\/v2\/types\/page"}],"author":[{"embeddable":true,"href":"https:\/\/pompes-funebres-valais.ch\/de\/wp-json\/wp\/v2\/users\/1"}],"replies":[{"embeddable":true,"href":"https:\/\/pompes-funebres-valais.ch\/de\/wp-json\/wp\/v2\/comments?post=16"}],"version-history":[{"count":0,"href":"https:\/\/pompes-funebres-valais.ch\/de\/wp-json\/wp\/v2\/pages\/16\/revisions"}],"wp:attachment":[{"href":"https:\/\/pompes-funebres-valais.ch\/de\/wp-json\/wp\/v2\/media?parent=16"}],"curies":[{"name":"wp","href":"https:\/\/api.w.org\/{rel}","templated":true}]}}