{"id":14,"date":"2021-02-14T13:35:53","date_gmt":"2021-02-14T12:35:53","guid":{"rendered":"https:\/\/pf.maxi-trampoline.com\/?page_id=14"},"modified":"2021-03-17T11:19:38","modified_gmt":"2021-03-17T10:19:38","slug":"familienrechte","status":"publish","type":"page","link":"https:\/\/pompes-funebres-valais.ch\/de\/droits-des-familles\/","title":{"rendered":"Familienrechte"},"content":{"rendered":"<p>[et_pb_section fb_built=\u00a0\u00bb1&Prime; _builder_version=\u00a0\u00bb4.9.0&Prime; _module_preset=\u00a0\u00bbdefault\u00a0\u00bb use_background_color_gradient=\u00a0\u00bbon\u00a0\u00bb background_color_gradient_start=\u00a0\u00bb#605f5e\u00a0\u00bb background_color_gradient_end=\u00a0\u00bb#eeebe6&Prime; background_image=\u00a0\u00bbhttps:\/\/pompes-funebres-valais.ch\/wp-content\/uploads\/2021\/02\/british-columbia-3785254_1920.jpg\u00a0\u00bb background_blend=\u00a0\u00bbmultiply\u00a0\u00bb][et_pb_row column_structure=\u00a0\u00bb3_4,1_4&Prime; _builder_version=\u00a0\u00bb4.9.0&Prime; _module_preset=\u00a0\u00bbdefault\u00a0\u00bb][et_pb_column type=\u00a0\u00bb3_4&Prime; _builder_version=\u00a0\u00bb4.9.0&Prime; _module_preset=\u00a0\u00bbdefault\u00a0\u00bb][et_pb_text _builder_version=\u00a0\u00bb4.9.0&Prime; _module_preset=\u00a0\u00bbdefault\u00a0\u00bb text_text_color=\u00a0\u00bb#FFFFFF\u00a0\u00bb header_text_color=\u00a0\u00bb#FFFFFF\u00a0\u00bb header_3_text_color=\u00a0\u00bb#FFFFFF\u00a0\u00bb custom_margin=\u00a0\u00bb50px||||false|false\u00a0\u00bb custom_margin_tablet=\u00a0\u00bb\u00a0\u00bb custom_margin_phone=\u00a0\u00bb\u00a0\u00bb custom_margin_last_edited=\u00a0\u00bbon|desktop\u00a0\u00bb custom_padding=\u00a0\u00bb||17px|||\u00a0\u00bb header_font_size_tablet=\u00a0\u00bb\u00a0\u00bb header_font_size_phone=\u00a0\u00bb40px\u00a0\u00bb header_font_size_last_edited=\u00a0\u00bbon|phone\u00a0\u00bb header_3_font_size_tablet=\u00a0\u00bb\u00a0\u00bb header_3_font_size_phone=\u00a0\u00bb25px\u00a0\u00bb header_3_font_size_last_edited=\u00a0\u00bbon|phone\u00a0\u00bb]<\/p>\n<h3><span class=\"lh-1\"><span>Jour\u00a0 et Nuit &#8211; Pompes Fun\u00e8bres<\/span><\/span><\/h3>\n<h1>Droit des familles<span class=\"lh-1 m-font-size-36 font-size-48\"><span><b>\u00a0<\/b><\/span><\/span><\/h1>\n<p>[\/et_pb_text][\/et_pb_column][et_pb_column type=\u00a0\u00bb1_4&Prime; _builder_version=\u00a0\u00bb4.9.0&Prime; _module_preset=\u00a0\u00bbdefault\u00a0\u00bb][\/et_pb_column][\/et_pb_row][\/et_pb_section][et_pb_section fb_built=\u00a0\u00bb1&Prime; _builder_version=\u00a0\u00bb4.9.0&Prime; _module_preset=\u00a0\u00bbdefault\u00a0\u00bb custom_padding=\u00a0\u00bb||0px|||\u00a0\u00bb][et_pb_row column_structure=\u00a0\u00bb1_3,2_3&Prime; _builder_version=\u00a0\u00bb4.9.0&Prime; _module_preset=\u00a0\u00bbdefault\u00a0\u00bb][et_pb_column type=\u00a0\u00bb1_3&Prime; _builder_version=\u00a0\u00bb4.9.0&Prime; _module_preset=\u00a0\u00bbdefault\u00a0\u00bb background_color=\u00a0\u00bb#EEEBE6&Prime;][et_pb_text _builder_version=\u00a0\u00bb4.9.0&Prime; _module_preset=\u00a0\u00bbdefault\u00a0\u00bb text_font_size=\u00a0\u00bb13px\u00a0\u00bb text_line_height=\u00a0\u00bb1.6em\u00a0\u00bb header_font_size=\u00a0\u00bb36px\u00a0\u00bb header_line_height=\u00a0\u00bb1.3em\u00a0\u00bb header_4_font_size=\u00a0\u00bb24px\u00a0\u00bb header_5_font=\u00a0\u00bbLato|900||on|||||\u00a0\u00bb header_5_text_color=\u00a0\u00bb#605F5E\u00a0\u00bb header_5_font_size=\u00a0\u00bb14px\u00a0\u00bb header_5_letter_spacing=\u00a0\u00bb3px\u00a0\u00bb header_5_line_height=\u00a0\u00bb2em\u00a0\u00bb background_color=\u00a0\u00bb#EEEBE6&Prime; custom_margin=\u00a0\u00bb-180px||||false|false\u00a0\u00bb custom_padding=\u00a0\u00bb35px|30px||30px|false|true\u00a0\u00bb custom_padding_tablet=\u00a0\u00bb\u00a0\u00bb custom_padding_phone=\u00a0\u00bb\u00a0\u00bb custom_padding_last_edited=\u00a0\u00bbon|desktop\u00a0\u00bb]<\/p>\n<h5><span class=\"lh-1\">appelez nous<\/span><\/h5>\n<h1><span class=\"lh-1\">Conseils et soutien<\/span><\/h1>\n<div><span class=\"lh-1 font-size-36\"><b>Nous vous conseillerons\u00a0<\/b><\/span><span class=\"lh-1 font-size-36\"><b>et vous apporterons un soutien adapt\u00e9 \u00e0 vos besoins<\/b><\/span><\/div>\n<p><span class=\"lh-1\"><span><\/span><\/span><\/p>\n<p><em><span class=\"lh-1\">Entour\u00e9s d\u2019une \u00e9quipe sympathique, parfaitement form\u00e9e et inform\u00e9e, nous nous tenons \u00e0 votre enti\u00e8re disposition, vous apporterons tout le soutien et la discr\u00e9tion qu\u2019il convient en \u00e9tant disponible pour vous en tout temps afin de tout organiser dans les moindres d\u00e9tails et vous accompagner dans ces difficiles moments avec respect et dignit\u00e9.<\/span><\/em><\/p>\n<div style=\"text-align: justify;\"><em><span class=\"lh-1\"><span><\/span><\/span><\/em><\/div>\n<p>[\/et_pb_text][et_pb_button button_url=\u00a0\u00bbtel:+41794494418&Prime; button_text=\u00a0\u00bb079 449 44 18&Prime; button_alignment=\u00a0\u00bbcenter\u00a0\u00bb _builder_version=\u00a0\u00bb4.9.0&Prime; _module_preset=\u00a0\u00bbdefault\u00a0\u00bb custom_button=\u00a0\u00bbon\u00a0\u00bb button_text_size=\u00a0\u00bb14px\u00a0\u00bb button_text_color=\u00a0\u00bb#FFFFFF\u00a0\u00bb button_bg_color=\u00a0\u00bb#000000&Prime; button_border_color=\u00a0\u00bb#000000&Prime; button_letter_spacing=\u00a0\u00bb3px\u00a0\u00bb button_font=\u00a0\u00bb||||||||\u00a0\u00bb button_icon=\u00a0\u00bb%%264%%\u00a0\u00bb button_icon_placement=\u00a0\u00bbleft\u00a0\u00bb button_on_hover=\u00a0\u00bboff\u00a0\u00bb custom_padding=\u00a0\u00bb15px|40px|15px|60px|true|false\u00a0\u00bb custom_padding_tablet=\u00a0\u00bb\u00a0\u00bb custom_padding_phone=\u00a0\u00bb\u00a0\u00bb custom_padding_last_edited=\u00a0\u00bbon|desktop\u00a0\u00bb][\/et_pb_button][et_pb_image src=\u00a0\u00bbhttps:\/\/pompes-funebres-valais.ch\/wp-content\/uploads\/2021\/02\/funeral-2511124_1280.jpg\u00a0\u00bb title_text=\u00a0\u00bbfuneral-2511124_1280&Prime; _builder_version=\u00a0\u00bb4.9.0&Prime; _module_preset=\u00a0\u00bbdefault\u00a0\u00bb custom_padding=\u00a0\u00bb|30px|35px|30px|false|true\u00a0\u00bb custom_padding_tablet=\u00a0\u00bb\u00a0\u00bb custom_padding_phone=\u00a0\u00bb\u00a0\u00bb custom_padding_last_edited=\u00a0\u00bbon|desktop\u00a0\u00bb][\/et_pb_image][et_pb_image src=\u00a0\u00bbhttps:\/\/pompes-funebres-valais.ch\/wp-content\/uploads\/2021\/02\/bridge-53769_1920.jpg\u00a0\u00bb title_text=\u00a0\u00bbbridge-53769_1920&Prime; _builder_version=\u00a0\u00bb4.9.0&Prime; _module_preset=\u00a0\u00bbdefault\u00a0\u00bb custom_padding=\u00a0\u00bb|30px|35px|30px|false|true\u00a0\u00bb custom_padding_tablet=\u00a0\u00bb\u00a0\u00bb custom_padding_phone=\u00a0\u00bb\u00a0\u00bb custom_padding_last_edited=\u00a0\u00bbon|desktop\u00a0\u00bb][\/et_pb_image][\/et_pb_column][et_pb_column type=\u00a0\u00bb2_3&Prime; _builder_version=\u00a0\u00bb4.9.0&Prime; _module_preset=\u00a0\u00bbdefault\u00a0\u00bb][et_pb_text _builder_version=\u00a0\u00bb4.9.0&Prime; _module_preset=\u00a0\u00bbdefault\u00a0\u00bb text_line_height=\u00a0\u00bb2em\u00a0\u00bb custom_margin=\u00a0\u00bb||0px|||\u00a0\u00bb]<\/p>\n<h1>Les familles ont le droit de<\/h1>\n<p>[\/et_pb_text][et_pb_text _builder_version=\u00a0\u00bb4.9.0&Prime; _module_preset=\u00a0\u00bbdefault\u00a0\u00bb text_text_color=\u00a0\u00bb#000000&Prime; text_font_size=\u00a0\u00bb17px\u00a0\u00bb text_line_height=\u00a0\u00bb1.5em\u00a0\u00bb hover_enabled=\u00a0\u00bb0&Prime; ul_line_height=\u00a0\u00bb1.9em\u00a0\u00bb sticky_enabled=\u00a0\u00bb0&Prime;]<\/p>\n<ul>\n<li>Faire appel \u00e0 l\u2019entreprise de Pompes Fun\u00e8bres de leur choix<\/li>\n<li>Participer aux t\u00e2ches li\u00e9es \u00e0 la pr\u00e9paration du-de la d\u00e9funt(e), si d\u00e9sir\u00e9<\/li>\n<li>Rev\u00eatir le-la d\u00e9funt(e) avec des habits personnels<\/li>\n<li>\u00catre pr\u00e9sent(e)(s) lors de la mise en bi\u00e8re du-de la d\u00e9funt(e)<\/li>\n<li>Choisir le domicile mortuaire qui peut \u00eatre au domicile de la famille<\/li>\n<li>Revoir le-la d\u00e9funt(e) dans la chambre mortuaire ou dans la crypte<\/li>\n<li>D\u00e9cider du lieu de la c\u00e9r\u00e9monie et du genre de c\u00e9r\u00e9monie<\/li>\n<li>Choisir le jour et l\u2019heure de la c\u00e9r\u00e9monie, en accord avec le service des inhumations de la commune.<br \/> Les familles disposent d\u2019un d\u00e9lai d\u2019environ 36 \u00e0 72 heures,\u00a0 jusqu\u2019\u00e0 la c\u00e9r\u00e9monie, voire d\u2019avantage si le besoin se fait sentir<\/li>\n<li>Assister \u00e0 la fermeture du cercueil, avant la c\u00e9r\u00e9monie, et d\u2019y d\u00e9poser des objets personnels<\/li>\n<li>D\u00e9signer des proches ou des amis pour porter le cercueil, la croix, les fleurs, la photo, s\u2019il y a lieu<\/li>\n<li>Suivre la voiture mortuaire jusqu&rsquo;au lieu de la c\u00e9r\u00e9monie: \u00e9glise, chapelle mortuaire, temple, mosqu\u00e9e, Maison du Royaume, cr\u00e9matoire, cimeti\u00e8re, \u2026<\/li>\n<li>\u00catre pr\u00e9sent(e)(s) lors de l\u2019inhumation du cercueil au cimeti\u00e8re, de l\u2019urne cin\u00e9raire dans une tombe, des cendres dans une tombe ou au Jardin du Souvenir<\/li>\n<li>Apr\u00e8s la cr\u00e9mation, disposer librement des cendres, de l\u2019urne cin\u00e9raire et d\u00e9cider du lieu d\u2019inhumation de ces derni\u00e8res (valable en Suisse uniquement)<\/li>\n<li>Exiger un devis par t\u00e9l\u00e9phone, comprenant l\u2019ensemble des d\u00e9penses, <strong>sans oublier<\/strong> les avances de frais pour l\u2019annonce mortuaire, les faire-part, la taxe de cr\u00e9mation, les frais d\u2019\u00e9glise, d\u2019organiste, du ch\u0153ur d\u2019\u00e9glise, de la verr\u00e9e-agape apr\u00e8s la c\u00e9r\u00e9monie, si d\u00e9sir\u00e9, &#8230;<\/li>\n<\/ul>\n<p>[\/et_pb_text][\/et_pb_column][\/et_pb_row][\/et_pb_section]<\/p>\n","protected":false},"excerpt":{"rendered":"<p>Jour\u00a0 et Nuit &#8211; Pompes Fun\u00e8bres Droit des familles\u00a0appelez nous Conseils et soutien Nous vous conseillerons\u00a0et vous apporterons un soutien adapt\u00e9 \u00e0 vos besoins Entour\u00e9s d\u2019une \u00e9quipe sympathique, parfaitement form\u00e9e et inform\u00e9e, nous nous tenons \u00e0 votre enti\u00e8re disposition, vous apporterons tout le soutien et la discr\u00e9tion qu\u2019il convient en \u00e9tant disponible pour vous en [&hellip;]<\/p>\n","protected":false},"author":1,"featured_media":0,"parent":0,"menu_order":32,"comment_status":"closed","ping_status":"closed","template":"","meta":{"_et_pb_use_builder":"on","_et_pb_old_content":"<!-- wp:divi\/placeholder \/-->","_et_gb_content_width":"","footnotes":""},"class_list":["post-14","page","type-page","status-publish","hentry"],"yoast_head":"<!-- This site is optimized with the Yoast SEO plugin v27.4 - https:\/\/yoast.com\/product\/yoast-seo-wordpress\/ -->\n<title>Pompes Fun\u00e8bres Valais - Suisse - A vos c\u00f4t\u00e9s dans vos plus durs moments<\/title>\n<meta name=\"description\" content=\"Entreprise jeune et dynamique, unie et sympathique, exp\u00e9riment\u00e9e et tourn\u00e9e vers un seul but commun: celui de bien vous entourer et de vous servir au mieux pour le plus bel hommage de vos chers d\u00e9funts et pour votre bien-\u00eatre personnel.\" \/>\n<meta name=\"robots\" content=\"index, follow, max-snippet:-1, max-image-preview:large, max-video-preview:-1\" \/>\n<link rel=\"canonical\" href=\"https:\/\/pompes-funebres-valais.ch\/de\/familienrechte\/\" \/>\n<meta property=\"og:locale\" content=\"de_DE\" \/>\n<meta property=\"og:type\" content=\"article\" \/>\n<meta property=\"og:title\" content=\"Pompes Fun\u00e8bres Valais - Suisse - A vos c\u00f4t\u00e9s dans vos plus durs moments\" \/>\n<meta property=\"og:description\" content=\"Entreprise jeune et dynamique, unie et sympathique, exp\u00e9riment\u00e9e et tourn\u00e9e vers un seul but commun: celui de bien vous entourer et de vous servir au mieux pour le plus bel hommage de vos chers d\u00e9funts et pour votre bien-\u00eatre personnel.\" \/>\n<meta property=\"og:url\" content=\"https:\/\/pompes-funebres-valais.ch\/de\/familienrechte\/\" \/>\n<meta property=\"og:site_name\" content=\"Pompes fun\u00e8bres Valais, A vos c\u00f4t\u00e9s dans vos plus durs moments\" \/>\n<meta property=\"article:modified_time\" content=\"2021-03-17T10:19:38+00:00\" \/>\n<meta name=\"twitter:card\" content=\"summary_large_image\" \/>\n<meta name=\"twitter:label1\" content=\"Gesch\u00e4tzte Lesezeit\" \/>\n\t<meta name=\"twitter:data1\" content=\"5\u00a0Minuten\" \/>\n<script type=\"application\/ld+json\" class=\"yoast-schema-graph\">{\"@context\":\"https:\\\/\\\/schema.org\",\"@graph\":[{\"@type\":\"WebPage\",\"@id\":\"https:\\\/\\\/pompes-funebres-valais.ch\\\/droits-des-familles\\\/\",\"url\":\"https:\\\/\\\/pompes-funebres-valais.ch\\\/droits-des-familles\\\/\",\"name\":\"Pompes Fun\u00e8bres Valais - Suisse - A vos c\u00f4t\u00e9s dans vos plus durs moments\",\"isPartOf\":{\"@id\":\"https:\\\/\\\/pompes-funebres-valais.ch\\\/#website\"},\"datePublished\":\"2021-02-14T12:35:53+00:00\",\"dateModified\":\"2021-03-17T10:19:38+00:00\",\"description\":\"Entreprise jeune et dynamique, unie et sympathique, exp\u00e9riment\u00e9e et tourn\u00e9e vers un seul but commun: celui de bien vous entourer et de vous servir au mieux pour le plus bel hommage de vos chers d\u00e9funts et pour votre bien-\u00eatre personnel.\",\"breadcrumb\":{\"@id\":\"https:\\\/\\\/pompes-funebres-valais.ch\\\/droits-des-familles\\\/#breadcrumb\"},\"inLanguage\":\"de\",\"potentialAction\":[{\"@type\":\"ReadAction\",\"target\":[\"https:\\\/\\\/pompes-funebres-valais.ch\\\/droits-des-familles\\\/\"]}]},{\"@type\":\"BreadcrumbList\",\"@id\":\"https:\\\/\\\/pompes-funebres-valais.ch\\\/droits-des-familles\\\/#breadcrumb\",\"itemListElement\":[{\"@type\":\"ListItem\",\"position\":1,\"name\":\"Accueil\",\"item\":\"https:\\\/\\\/pompes-funebres-valais.ch\\\/\"},{\"@type\":\"ListItem\",\"position\":2,\"name\":\"Droits des familles\"}]},{\"@type\":\"WebSite\",\"@id\":\"https:\\\/\\\/pompes-funebres-valais.ch\\\/#website\",\"url\":\"https:\\\/\\\/pompes-funebres-valais.ch\\\/\",\"name\":\"Pompes fun\u00e8bres Valais, A vos c\u00f4t\u00e9s dans vos plus durs moments\",\"description\":\"A vos c\u00f4t\u00e9s dans vos plus durs moments\",\"publisher\":{\"@id\":\"https:\\\/\\\/pompes-funebres-valais.ch\\\/#organization\"},\"potentialAction\":[{\"@type\":\"SearchAction\",\"target\":{\"@type\":\"EntryPoint\",\"urlTemplate\":\"https:\\\/\\\/pompes-funebres-valais.ch\\\/?s={search_term_string}\"},\"query-input\":{\"@type\":\"PropertyValueSpecification\",\"valueRequired\":true,\"valueName\":\"search_term_string\"}}],\"inLanguage\":\"de\"},{\"@type\":\"Organization\",\"@id\":\"https:\\\/\\\/pompes-funebres-valais.ch\\\/#organization\",\"name\":\"Pompes Fun\u00e8bres Valais Suisse\",\"url\":\"https:\\\/\\\/pompes-funebres-valais.ch\\\/\",\"logo\":{\"@type\":\"ImageObject\",\"inLanguage\":\"de\",\"@id\":\"https:\\\/\\\/pompes-funebres-valais.ch\\\/#\\\/schema\\\/logo\\\/image\\\/\",\"url\":\"https:\\\/\\\/pompes-funebres-valais.ch\\\/wp-content\\\/uploads\\\/2021\\\/02\\\/Rond-soleil-1.png\",\"contentUrl\":\"https:\\\/\\\/pompes-funebres-valais.ch\\\/wp-content\\\/uploads\\\/2021\\\/02\\\/Rond-soleil-1.png\",\"width\":509,\"height\":469,\"caption\":\"Pompes Fun\u00e8bres Valais Suisse\"},\"image\":{\"@id\":\"https:\\\/\\\/pompes-funebres-valais.ch\\\/#\\\/schema\\\/logo\\\/image\\\/\"}}]}<\/script>\n<!-- \/ Yoast SEO plugin. -->","yoast_head_json":{"title":"Bestattungsunternehmen Wallis - Schweiz - In schweren Zeiten an Ihrer Seite","description":"Ein junges und dynamisches Unternehmen, vereint und freundlich, erfahren und auf ein einziges gemeinsames Ziel konzentriert: Sie gut zu umgeben und Ihnen so gut wie m\u00f6glich zu dienen, f\u00fcr die sch\u00f6nste Hommage an Ihren lieben Verstorbenen und f\u00fcr Ihr pers\u00f6nliches Wohlbefinden.","robots":{"index":"index","follow":"follow","max-snippet":"max-snippet:-1","max-image-preview":"max-image-preview:large","max-video-preview":"max-video-preview:-1"},"canonical":"https:\/\/pompes-funebres-valais.ch\/de\/familienrechte\/","og_locale":"de_DE","og_type":"article","og_title":"Pompes Fun\u00e8bres Valais - Suisse - A vos c\u00f4t\u00e9s dans vos plus durs moments","og_description":"Entreprise jeune et dynamique, unie et sympathique, exp\u00e9riment\u00e9e et tourn\u00e9e vers un seul but commun: celui de bien vous entourer et de vous servir au mieux pour le plus bel hommage de vos chers d\u00e9funts et pour votre bien-\u00eatre personnel.","og_url":"https:\/\/pompes-funebres-valais.ch\/de\/familienrechte\/","og_site_name":"Pompes fun\u00e8bres Valais, A vos c\u00f4t\u00e9s dans vos plus durs moments","article_modified_time":"2021-03-17T10:19:38+00:00","twitter_card":"summary_large_image","twitter_misc":{"Gesch\u00e4tzte Lesezeit":"5\u00a0Minuten"},"schema":{"@context":"https:\/\/schema.org","@graph":[{"@type":"WebPage","@id":"https:\/\/pompes-funebres-valais.ch\/droits-des-familles\/","url":"https:\/\/pompes-funebres-valais.ch\/droits-des-familles\/","name":"Bestattungsunternehmen Wallis - Schweiz - In schweren Zeiten an Ihrer Seite","isPartOf":{"@id":"https:\/\/pompes-funebres-valais.ch\/#website"},"datePublished":"2021-02-14T12:35:53+00:00","dateModified":"2021-03-17T10:19:38+00:00","description":"Ein junges und dynamisches Unternehmen, vereint und freundlich, erfahren und auf ein einziges gemeinsames Ziel konzentriert: Sie gut zu umgeben und Ihnen so gut wie m\u00f6glich zu dienen, f\u00fcr die sch\u00f6nste Hommage an Ihren lieben Verstorbenen und f\u00fcr Ihr pers\u00f6nliches Wohlbefinden.","breadcrumb":{"@id":"https:\/\/pompes-funebres-valais.ch\/droits-des-familles\/#breadcrumb"},"inLanguage":"de","potentialAction":[{"@type":"ReadAction","target":["https:\/\/pompes-funebres-valais.ch\/droits-des-familles\/"]}]},{"@type":"BreadcrumbList","@id":"https:\/\/pompes-funebres-valais.ch\/droits-des-familles\/#breadcrumb","itemListElement":[{"@type":"ListItem","position":1,"name":"Accueil","item":"https:\/\/pompes-funebres-valais.ch\/"},{"@type":"ListItem","position":2,"name":"Droits des familles"}]},{"@type":"WebSite","@id":"https:\/\/pompes-funebres-valais.ch\/#website","url":"https:\/\/pompes-funebres-valais.ch\/","name":"Walliser Bestatter, An Ihrer Seite in schweren Zeiten","description":"An deiner Seite in deinen schwersten Zeiten","publisher":{"@id":"https:\/\/pompes-funebres-valais.ch\/#organization"},"potentialAction":[{"@type":"SearchAction","target":{"@type":"EntryPoint","urlTemplate":"https:\/\/pompes-funebres-valais.ch\/?s={search_term_string}"},"query-input":{"@type":"PropertyValueSpecification","valueRequired":true,"valueName":"search_term_string"}}],"inLanguage":"de"},{"@type":"Organization","@id":"https:\/\/pompes-funebres-valais.ch\/#organization","name":"Bestattungsunternehmen Wallis Schweiz","url":"https:\/\/pompes-funebres-valais.ch\/","logo":{"@type":"ImageObject","inLanguage":"de","@id":"https:\/\/pompes-funebres-valais.ch\/#\/schema\/logo\/image\/","url":"https:\/\/pompes-funebres-valais.ch\/wp-content\/uploads\/2021\/02\/Rond-soleil-1.png","contentUrl":"https:\/\/pompes-funebres-valais.ch\/wp-content\/uploads\/2021\/02\/Rond-soleil-1.png","width":509,"height":469,"caption":"Pompes Fun\u00e8bres Valais Suisse"},"image":{"@id":"https:\/\/pompes-funebres-valais.ch\/#\/schema\/logo\/image\/"}}]}},"_links":{"self":[{"href":"https:\/\/pompes-funebres-valais.ch\/de\/wp-json\/wp\/v2\/pages\/14","targetHints":{"allow":["GET"]}}],"collection":[{"href":"https:\/\/pompes-funebres-valais.ch\/de\/wp-json\/wp\/v2\/pages"}],"about":[{"href":"https:\/\/pompes-funebres-valais.ch\/de\/wp-json\/wp\/v2\/types\/page"}],"author":[{"embeddable":true,"href":"https:\/\/pompes-funebres-valais.ch\/de\/wp-json\/wp\/v2\/users\/1"}],"replies":[{"embeddable":true,"href":"https:\/\/pompes-funebres-valais.ch\/de\/wp-json\/wp\/v2\/comments?post=14"}],"version-history":[{"count":0,"href":"https:\/\/pompes-funebres-valais.ch\/de\/wp-json\/wp\/v2\/pages\/14\/revisions"}],"wp:attachment":[{"href":"https:\/\/pompes-funebres-valais.ch\/de\/wp-json\/wp\/v2\/media?parent=14"}],"curies":[{"name":"wp","href":"https:\/\/api.w.org\/{rel}","templated":true}]}}